{"id":148,"date":"2019-02-04T19:36:59","date_gmt":"2019-02-04T19:36:59","guid":{"rendered":"https:\/\/wp.richmondfire.de\/impressum\/"},"modified":"2019-02-05T10:55:05","modified_gmt":"2019-02-05T10:55:05","slug":"impressum","status":"publish","type":"page","link":"https:\/\/richmondfire.de\/en\/impressum\/","title":{"rendered":"Impressum"},"content":{"rendered":"\n<p><strong>Data in accordance with \u00a7 5 TMG:<\/strong><br>RICHMOND FIRE International GmbH<br>Dellmannsweg 94<br>45277 Essen <\/p>\n\n\n\n<p><strong>Represented by:<\/strong><br>Max Juergen Landwehr <\/p>\n\n\n\n<p><strong>Commercial Register:<\/strong><br>Register Court: AG Essen<br>Register number: B 28320 <\/p>\n\n\n\n<p><strong>Umsatzsteuer-ID:<\/strong><br>Umsatzsteuer-Identifikationsnummer gem\u00e4\u00df \u00a727 a Umsatzsteuergesetz:<br>DE814868459<\/p>\n\n\n\n<p><strong>VAT-ID:<\/strong><br>VAT ID in accordance with \u00a727 a Umsatzsteuergesetz:<br>DE312975332<\/p>\n\n\n\n<p>Quelle:&nbsp;<a href=\"https:\/\/office.rheincolor.de\/owa\/redir.aspx?C=UmF2pMWNr088kITjaZj3-tBhG0BUPpHfM5L7Qp9pwMT7HcduVovWCA..&amp;URL=http%3a%2f%2fwww.e-recht24.de%2f\" rel=\"noreferrer noopener\" target=\"_blank\"><em>http:\/\/www.e-recht24.de<\/em><\/a><\/p>\n\n\n\n<h3 class=\"wp-block-heading\"><em>DISCLAIMER \/ HAFTUNGSAUSSCHLUSS (applicable for Germany only)<\/em><\/h3>\n\n\n\n<p><strong>Haftung\nf\u00fcr Inhalte<\/strong><\/p>\n\n\n\n<p>Als\nDiensteanbieter sind wir gem\u00e4\u00df \u00a7 7 Abs.1 TMG f\u00fcr eigene Inhalte auf diesen\nSeiten nach den allgemeinen Gesetzen verantwortlich. Nach \u00a7\u00a7 8 bis 10 TMG sind\nwir als Diensteanbieter jedoch nicht verpflichtet, \u00fcbermittelte oder\ngespeicherte fremde Informationen zu \u00fcberwachen oder nach Umst\u00e4nden zu\nforschen, die auf eine rechtswidrige T\u00e4tigkeit hinweisen. Verpflichtungen zur\nEntfernung oder Sperrung der Nutzung von Informationen nach den allgemeinen\nGesetzen bleiben hiervon unber\u00fchrt. Eine diesbez\u00fcgliche Haftung ist jedoch erst\nab dem Zeitpunkt der Kenntnis einer konkreten Rechtsverletzung m\u00f6glich. Bei\nBekanntwerden von entsprechenden Rechtsverletzungen werden wir diese Inhalte\numgehend entfernen.<\/p>\n\n\n\n<p><strong>Haftung\nf\u00fcr Links<\/strong><\/p>\n\n\n\n<p>Unser\nAngebot enth\u00e4lt Links zu externen Webseiten Dritter, auf deren Inhalte wir\nkeinen Einfluss haben. Deshalb k\u00f6nnen wir f\u00fcr diese fremden Inhalte auch keine\nGew\u00e4hr \u00fcbernehmen. F\u00fcr die Inhalte der verlinkten Seiten ist stets der\njeweilige Anbieter oder Betreiber der Seiten verantwortlich. Die verlinkten\nSeiten wurden zum Zeitpunkt der Verlinkung auf m\u00f6gliche Rechtsverst\u00f6\u00dfe\n\u00fcberpr\u00fcft. Rechtswidrige Inhalte waren zum Zeitpunkt der Verlinkung nicht\nerkennbar. Eine permanente inhaltliche Kontrolle der verlinkten Seiten ist\njedoch ohne konkrete Anhaltspunkte einer Rechtsverletzung nicht zumutbar. Bei\nBekanntwerden von Rechtsverletzungen werden wir derartige Links umgehend\nentfernen.<\/p>\n\n\n\n<p><strong>Urheberrecht<\/strong><\/p>\n\n\n\n<p>Die\ndurch die Seitenbetreiber erstellten Inhalte und Werke auf diesen Seiten\nunterliegen dem deutschen Urheberrecht. Die Vervielf\u00e4ltigung, Bearbeitung,\nVerbreitung und jede Art der Verwertung au\u00dferhalb der Grenzen des\nUrheberrechtes bed\u00fcrfen der schriftlichen Zustimmung des jeweiligen Autors bzw.\nErstellers. Downloads und Kopien dieser Seite sind nur f\u00fcr den privaten, nicht\nkommerziellen Gebrauch gestattet. Soweit die Inhalte auf dieser Seite nicht vom\nBetreiber erstellt wurden, werden die Urheberrechte Dritter beachtet.\nInsbesondere werden Inhalte Dritter als solche gekennzeichnet. Sollten Sie\ntrotzdem auf eine Urheberrechtsverletzung aufmerksam werden, bitten wir um\neinen entsprechenden Hinweis. Bei Bekanntwerden von Rechtsverletzungen werden\nwir derartige Inhalte umgehend entfernen.<\/p>\n\n\n\n<p><em>Quellverweis:\n<a href=\"http:\/\/www.e-recht24.de\/muster-disclaimer.html\" target=\"_blank\" rel=\"noreferrer noopener\">Disclaimer eRecht24<\/a>, <a href=\"http:\/\/www.e-recht24.de\/muster-disclaimer.html\" target=\"_blank\" rel=\"noreferrer noopener\">eRecht24 Disclaimer<\/a><\/em><\/p>\n","protected":false},"excerpt":{"rendered":"<p>Data in accordance with \u00a7 5 TMG:RICHMOND FIRE International GmbHDellmannsweg 9445277 Essen Represented by:Max Juergen Landwehr Commercial Register:Register Court: AG EssenRegister number: B 28320 Umsatzsteuer-ID:Umsatzsteuer-Identifikationsnummer gem\u00e4\u00df \u00a727 a Umsatzsteuergesetz:DE814868459 VAT-ID:VAT ID in accordance with \u00a727 a Umsatzsteuergesetz:DE312975332 Quelle:&nbsp;http:\/\/www.e-recht24.de DISCLAIMER \/ HAFTUNGSAUSSCHLUSS (applicable for Germany only) Haftung f\u00fcr Inhalte Als Diensteanbieter sind wir gem\u00e4\u00df \u00a7 7 [&hellip;]<\/p>\n","protected":false},"author":1,"featured_media":0,"parent":0,"menu_order":0,"comment_status":"closed","ping_status":"closed","template":"","meta":{"footnotes":""},"categories":[],"tags":[],"class_list":["post-148","page","type-page","status-publish","hentry"],"_links":{"self":[{"href":"https:\/\/richmondfire.de\/en\/wp-json\/wp\/v2\/pages\/148","targetHints":{"allow":["GET"]}}],"collection":[{"href":"https:\/\/richmondfire.de\/en\/wp-json\/wp\/v2\/pages"}],"about":[{"href":"https:\/\/richmondfire.de\/en\/wp-json\/wp\/v2\/types\/page"}],"author":[{"embeddable":true,"href":"https:\/\/richmondfire.de\/en\/wp-json\/wp\/v2\/users\/1"}],"replies":[{"embeddable":true,"href":"https:\/\/richmondfire.de\/en\/wp-json\/wp\/v2\/comments?post=148"}],"version-history":[{"count":1,"href":"https:\/\/richmondfire.de\/en\/wp-json\/wp\/v2\/pages\/148\/revisions"}],"predecessor-version":[{"id":160,"href":"https:\/\/richmondfire.de\/en\/wp-json\/wp\/v2\/pages\/148\/revisions\/160"}],"wp:attachment":[{"href":"https:\/\/richmondfire.de\/en\/wp-json\/wp\/v2\/media?parent=148"}],"wp:term":[{"taxonomy":"category","embeddable":true,"href":"https:\/\/richmondfire.de\/en\/wp-json\/wp\/v2\/categories?post=148"},{"taxonomy":"post_tag","embeddable":true,"href":"https:\/\/richmondfire.de\/en\/wp-json\/wp\/v2\/tags?post=148"}],"curies":[{"name":"wp","href":"https:\/\/api.w.org\/{rel}","templated":true}]}}